{"id":1513,"date":"2025-04-17T17:43:28","date_gmt":"2025-04-17T20:43:28","guid":{"rendered":"https:\/\/xploreimmigration.com\/green-card\/"},"modified":"2025-05-23T10:16:37","modified_gmt":"2025-05-23T13:16:37","slug":"green-card","status":"publish","type":"page","link":"https:\/\/xploreimmigration.com\/en\/green-card\/","title":{"rendered":"Green Card"},"content":{"rendered":"\t\t<div data-elementor-type=\"wp-page\" data-elementor-id=\"1513\" class=\"elementor elementor-1513 elementor-1503\" data-elementor-post-type=\"page\">\n\t\t\t\t<div class=\"elementor-element elementor-element-66d6efa e-flex e-con-boxed e-con e-parent\" data-id=\"66d6efa\" data-element_type=\"container\" data-settings=\"{&quot;background_background&quot;:&quot;classic&quot;}\">\n\t\t\t\t\t<div class=\"e-con-inner\">\n\t\t\t\t\t<\/div>\n\t\t\t\t<\/div>\n\t\t\t\t<\/div>\n\t\t","protected":false},"excerpt":{"rendered":"","protected":false},"author":3,"featured_media":0,"parent":0,"menu_order":140,"comment_status":"closed","ping_status":"closed","template":"","meta":{"_acf_changed":false,"footnotes":""},"class_list":["post-1513","page","type-page","status-publish","hentry"],"acf":[],"yoast_head":"<!-- This site is optimized with the Yoast SEO plugin v27.3 - https:\/\/yoast.com\/product\/yoast-seo-wordpress\/ -->\n<title>Green Card - Xplore Immigration<\/title>\n<meta name=\"robots\" content=\"index, follow, max-snippet:-1, max-image-preview:large, max-video-preview:-1\" \/>\n<link rel=\"canonical\" href=\"https:\/\/xploreimmigration.com\/en\/green-card\/\" \/>\n<meta property=\"og:locale\" content=\"en_US\" \/>\n<meta property=\"og:type\" content=\"article\" \/>\n<meta property=\"og:title\" content=\"Green Card - Xplore Immigration\" \/>\n<meta property=\"og:url\" content=\"https:\/\/xploreimmigration.com\/en\/green-card\/\" \/>\n<meta property=\"og:site_name\" content=\"Xplore Immigration\" \/>\n<meta property=\"article:modified_time\" content=\"2025-05-23T13:16:37+00:00\" \/>\n<meta name=\"twitter:card\" content=\"summary_large_image\" \/>\n<script type=\"application\/ld+json\" class=\"yoast-schema-graph\">{\"@context\":\"https:\\\/\\\/schema.org\",\"@graph\":[{\"@type\":\"WebPage\",\"@id\":\"https:\\\/\\\/xploreimmigration.com\\\/en\\\/green-card\\\/\",\"url\":\"https:\\\/\\\/xploreimmigration.com\\\/en\\\/green-card\\\/\",\"name\":\"Green Card - Xplore Immigration\",\"isPartOf\":{\"@id\":\"https:\\\/\\\/xploreimmigration.com\\\/en\\\/#website\"},\"datePublished\":\"2025-04-17T20:43:28+00:00\",\"dateModified\":\"2025-05-23T13:16:37+00:00\",\"breadcrumb\":{\"@id\":\"https:\\\/\\\/xploreimmigration.com\\\/en\\\/green-card\\\/#breadcrumb\"},\"inLanguage\":\"en-US\",\"potentialAction\":[{\"@type\":\"ReadAction\",\"target\":[\"https:\\\/\\\/xploreimmigration.com\\\/en\\\/green-card\\\/\"]}]},{\"@type\":\"BreadcrumbList\",\"@id\":\"https:\\\/\\\/xploreimmigration.com\\\/en\\\/green-card\\\/#breadcrumb\",\"itemListElement\":[{\"@type\":\"ListItem\",\"position\":1,\"name\":\"In\u00edcio\",\"item\":\"https:\\\/\\\/xploreimmigration.com\\\/en\\\/\"},{\"@type\":\"ListItem\",\"position\":2,\"name\":\"Green Card\"}]},{\"@type\":\"WebSite\",\"@id\":\"https:\\\/\\\/xploreimmigration.com\\\/en\\\/#website\",\"url\":\"https:\\\/\\\/xploreimmigration.com\\\/en\\\/\",\"name\":\"Xplore Immigration\",\"description\":\"Prestamos servi\u00e7os jur\u00eddicos a cidad\u00e3os estrangeiros, imigrantes e empresas nos Estados Unidos em quest\u00f5es de imigra\u00e7\u00e3o, como Green Cards \u2013 Baseados no Emprego e na Fam\u00edlia, Cidadania e Naturaliza\u00e7\u00e3o, Vistos de Trabalho e Vistos de Estudante.\",\"publisher\":{\"@id\":\"https:\\\/\\\/xploreimmigration.com\\\/en\\\/#organization\"},\"potentialAction\":[{\"@type\":\"SearchAction\",\"target\":{\"@type\":\"EntryPoint\",\"urlTemplate\":\"https:\\\/\\\/xploreimmigration.com\\\/en\\\/?s={search_term_string}\"},\"query-input\":{\"@type\":\"PropertyValueSpecification\",\"valueRequired\":true,\"valueName\":\"search_term_string\"}}],\"inLanguage\":\"en-US\"},{\"@type\":\"Organization\",\"@id\":\"https:\\\/\\\/xploreimmigration.com\\\/en\\\/#organization\",\"name\":\"Xplore Immigration\",\"url\":\"https:\\\/\\\/xploreimmigration.com\\\/en\\\/\",\"logo\":{\"@type\":\"ImageObject\",\"inLanguage\":\"en-US\",\"@id\":\"https:\\\/\\\/xploreimmigration.com\\\/en\\\/#\\\/schema\\\/logo\\\/image\\\/\",\"url\":\"https:\\\/\\\/xploreimmigration.com\\\/wp-content\\\/uploads\\\/2025\\\/01\\\/cropped-OG.png\",\"contentUrl\":\"https:\\\/\\\/xploreimmigration.com\\\/wp-content\\\/uploads\\\/2025\\\/01\\\/cropped-OG.png\",\"width\":1092,\"height\":451,\"caption\":\"Xplore Immigration\"},\"image\":{\"@id\":\"https:\\\/\\\/xploreimmigration.com\\\/en\\\/#\\\/schema\\\/logo\\\/image\\\/\"}}]}<\/script>\n<!-- \/ Yoast SEO plugin. -->","yoast_head_json":{"title":"Green Card - Xplore Immigration","robots":{"index":"index","follow":"follow","max-snippet":"max-snippet:-1","max-image-preview":"max-image-preview:large","max-video-preview":"max-video-preview:-1"},"canonical":"https:\/\/xploreimmigration.com\/en\/green-card\/","og_locale":"en_US","og_type":"article","og_title":"Green Card - Xplore Immigration","og_url":"https:\/\/xploreimmigration.com\/en\/green-card\/","og_site_name":"Xplore Immigration","article_modified_time":"2025-05-23T13:16:37+00:00","twitter_card":"summary_large_image","schema":{"@context":"https:\/\/schema.org","@graph":[{"@type":"WebPage","@id":"https:\/\/xploreimmigration.com\/en\/green-card\/","url":"https:\/\/xploreimmigration.com\/en\/green-card\/","name":"Green Card - Xplore Immigration","isPartOf":{"@id":"https:\/\/xploreimmigration.com\/en\/#website"},"datePublished":"2025-04-17T20:43:28+00:00","dateModified":"2025-05-23T13:16:37+00:00","breadcrumb":{"@id":"https:\/\/xploreimmigration.com\/en\/green-card\/#breadcrumb"},"inLanguage":"en-US","potentialAction":[{"@type":"ReadAction","target":["https:\/\/xploreimmigration.com\/en\/green-card\/"]}]},{"@type":"BreadcrumbList","@id":"https:\/\/xploreimmigration.com\/en\/green-card\/#breadcrumb","itemListElement":[{"@type":"ListItem","position":1,"name":"In\u00edcio","item":"https:\/\/xploreimmigration.com\/en\/"},{"@type":"ListItem","position":2,"name":"Green Card"}]},{"@type":"WebSite","@id":"https:\/\/xploreimmigration.com\/en\/#website","url":"https:\/\/xploreimmigration.com\/en\/","name":"Xplore Immigration","description":"Prestamos servi\u00e7os jur\u00eddicos a cidad\u00e3os estrangeiros, imigrantes e empresas nos Estados Unidos em quest\u00f5es de imigra\u00e7\u00e3o, como Green Cards \u2013 Baseados no Emprego e na Fam\u00edlia, Cidadania e Naturaliza\u00e7\u00e3o, Vistos de Trabalho e Vistos de Estudante.","publisher":{"@id":"https:\/\/xploreimmigration.com\/en\/#organization"},"potentialAction":[{"@type":"SearchAction","target":{"@type":"EntryPoint","urlTemplate":"https:\/\/xploreimmigration.com\/en\/?s={search_term_string}"},"query-input":{"@type":"PropertyValueSpecification","valueRequired":true,"valueName":"search_term_string"}}],"inLanguage":"en-US"},{"@type":"Organization","@id":"https:\/\/xploreimmigration.com\/en\/#organization","name":"Xplore Immigration","url":"https:\/\/xploreimmigration.com\/en\/","logo":{"@type":"ImageObject","inLanguage":"en-US","@id":"https:\/\/xploreimmigration.com\/en\/#\/schema\/logo\/image\/","url":"https:\/\/xploreimmigration.com\/wp-content\/uploads\/2025\/01\/cropped-OG.png","contentUrl":"https:\/\/xploreimmigration.com\/wp-content\/uploads\/2025\/01\/cropped-OG.png","width":1092,"height":451,"caption":"Xplore Immigration"},"image":{"@id":"https:\/\/xploreimmigration.com\/en\/#\/schema\/logo\/image\/"}}]}},"_links":{"self":[{"href":"https:\/\/xploreimmigration.com\/en\/wp-json\/wp\/v2\/pages\/1513","targetHints":{"allow":["GET"]}}],"collection":[{"href":"https:\/\/xploreimmigration.com\/en\/wp-json\/wp\/v2\/pages"}],"about":[{"href":"https:\/\/xploreimmigration.com\/en\/wp-json\/wp\/v2\/types\/page"}],"author":[{"embeddable":true,"href":"https:\/\/xploreimmigration.com\/en\/wp-json\/wp\/v2\/users\/3"}],"replies":[{"embeddable":true,"href":"https:\/\/xploreimmigration.com\/en\/wp-json\/wp\/v2\/comments?post=1513"}],"version-history":[{"count":1,"href":"https:\/\/xploreimmigration.com\/en\/wp-json\/wp\/v2\/pages\/1513\/revisions"}],"predecessor-version":[{"id":1540,"href":"https:\/\/xploreimmigration.com\/en\/wp-json\/wp\/v2\/pages\/1513\/revisions\/1540"}],"wp:attachment":[{"href":"https:\/\/xploreimmigration.com\/en\/wp-json\/wp\/v2\/media?parent=1513"}],"curies":[{"name":"wp","href":"https:\/\/api.w.org\/{rel}","templated":true}]}}